{"id":2928,"date":"2023-11-27T21:09:29","date_gmt":"2023-11-28T03:09:29","guid":{"rendered":"https:\/\/villalasemilla.com\/website\/?page_id=2928"},"modified":"2023-12-01T13:33:15","modified_gmt":"2023-12-01T19:33:15","slug":"suites-king","status":"publish","type":"page","link":"https:\/\/villalasemilla.com\/website\/habitaciones\/suites-king\/","title":{"rendered":"Suites King"},"content":{"rendered":"\t\t<div data-elementor-type=\"wp-page\" data-elementor-id=\"2928\" class=\"elementor elementor-2928\">\n\t\t\t\t\t\t<section class=\"elementor-section elementor-top-section elementor-element elementor-element-61367953 elementor-section-boxed elementor-section-height-default elementor-section-height-default\" data-id=\"61367953\" data-element_type=\"section\">\n\t\t\t\t\t\t<div class=\"elementor-container elementor-column-gap-default\">\n\t\t\t\t\t<div class=\"aux-parallax-section elementor-column elementor-col-66 elementor-top-column elementor-element elementor-element-7ecb7709\" data-id=\"7ecb7709\" data-element_type=\"column\">\n\t\t\t<div class=\"elementor-widget-wrap elementor-element-populated\">\n\t\t\t\t\t\t<div class=\"elementor-element elementor-element-ec41c5 elementor-widget elementor-widget-image-carousel\" data-id=\"ec41c5\" data-element_type=\"widget\" data-settings=\"{&quot;slides_to_show&quot;:&quot;1&quot;,&quot;navigation&quot;:&quot;none&quot;,&quot;autoplay_speed&quot;:3000,&quot;autoplay&quot;:&quot;yes&quot;,&quot;pause_on_hover&quot;:&quot;yes&quot;,&quot;pause_on_interaction&quot;:&quot;yes&quot;,&quot;infinite&quot;:&quot;yes&quot;,&quot;effect&quot;:&quot;slide&quot;,&quot;speed&quot;:500}\" data-widget_type=\"image-carousel.default\">\n\t\t\t\t<div class=\"elementor-widget-container\">\n\t\t\t\t\t\t\t<div class=\"elementor-image-carousel-wrapper swiper\" role=\"region\" aria-roledescription=\"carousel\" aria-label=\"Carrusel de Im\u00e1genes\" dir=\"ltr\">\n\t\t\t<div class=\"elementor-image-carousel swiper-wrapper\" aria-live=\"off\">\n\t\t\t\t\t\t\t\t<div class=\"swiper-slide\" role=\"group\" aria-roledescription=\"slide\" aria-label=\"1 de 1\"><figure class=\"swiper-slide-inner\"><img decoding=\"async\" class=\"swiper-slide-image\" src=\"https:\/\/villalasemilla.com\/website\/wp-content\/uploads\/elementor\/thumbs\/King-grande-1-qg0afv6qvupazr0g0qv7uoxjb279odq7iwste41dgw.jpg\" alt=\"King-grande\" \/><\/figure><\/div>\t\t\t<\/div>\n\t\t\t\t\t<\/div>\n\t\t\t\t\t\t<\/div>\n\t\t\t\t<\/div>\n\t\t\t\t<section class=\"elementor-section elementor-inner-section elementor-element elementor-element-2e313c83 elementor-section-boxed elementor-section-height-default elementor-section-height-default\" data-id=\"2e313c83\" data-element_type=\"section\">\n\t\t\t\t\t\t<div class=\"elementor-container elementor-column-gap-default\">\n\t\t\t\t\t<div class=\"aux-parallax-section elementor-column elementor-col-50 elementor-inner-column elementor-element elementor-element-46182097\" data-id=\"46182097\" data-element_type=\"column\">\n\t\t\t<div class=\"elementor-widget-wrap elementor-element-populated\">\n\t\t\t\t\t\t<div class=\"elementor-element elementor-element-38e91cfd elementor-widget elementor-widget-heading\" data-id=\"38e91cfd\" data-element_type=\"widget\" data-widget_type=\"heading.default\">\n\t\t\t\t<div class=\"elementor-widget-container\">\n\t\t\t\t\t<h2 class=\"elementor-heading-title elementor-size-default\">Suites King<\/h2>\t\t\t\t<\/div>\n\t\t\t\t<\/div>\n\t\t\t\t\t<\/div>\n\t\t<\/div>\n\t\t\t\t<div class=\"aux-parallax-section elementor-column elementor-col-50 elementor-inner-column elementor-element elementor-element-35fadd6c\" data-id=\"35fadd6c\" data-element_type=\"column\">\n\t\t\t<div class=\"elementor-widget-wrap elementor-element-populated\">\n\t\t\t\t\t\t<div class=\"elementor-element elementor-element-4781cf4e elementor-align-right elementor-widget elementor-widget-button\" data-id=\"4781cf4e\" data-element_type=\"widget\" data-widget_type=\"button.default\">\n\t\t\t\t<div class=\"elementor-widget-container\">\n\t\t\t\t\t\t\t\t\t<div class=\"elementor-button-wrapper\">\n\t\t\t\t\t<a class=\"elementor-button elementor-button-link elementor-size-sm\" href=\"https:\/\/villalasemilla.com\/website\/tarifas\/\" target=\"_blank\">\n\t\t\t\t\t\t<span class=\"elementor-button-content-wrapper\">\n\t\t\t\t\t\t\t\t\t<span class=\"elementor-button-text\">RESERVAR AHORA<\/span>\n\t\t\t\t\t<\/span>\n\t\t\t\t\t<\/a>\n\t\t\t\t<\/div>\n\t\t\t\t\t\t\t\t<\/div>\n\t\t\t\t<\/div>\n\t\t\t\t\t<\/div>\n\t\t<\/div>\n\t\t\t\t\t<\/div>\n\t\t<\/section>\n\t\t\t\t<div class=\"elementor-element elementor-element-31787ee3 elementor-widget elementor-widget-text-editor\" data-id=\"31787ee3\" data-element_type=\"widget\" data-widget_type=\"text-editor.default\">\n\t\t\t\t<div class=\"elementor-widget-container\">\n\t\t\t\t\t\t\t\t\t<p class=\"p1\">Nuestra segunda categor\u00eda de habitaci\u00f3n ofrece un espacio m\u00e1s grande que nuestros Cuartitos y una cama King. El dise\u00f1o contin\u00faa desempe\u00f1ando un papel muy importante ya que esta categor\u00eda de sala incluye peque\u00f1as \u00e1reas de descanso y espacios de vida que son \u00fanicos para cada espacio individual. Este tipo de habitaci\u00f3n es perfecto para los hu\u00e9spedes que les gusta estirar las piernas o pasar ma\u00f1anas tranquilas leyendo en silencio mientras disfrutan de la brisa fresca y el suave sonido de la vida al aire libre. La sala mide 23m\u00b2.<\/p>\t\t\t\t\t\t\t\t<\/div>\n\t\t\t\t<\/div>\n\t\t\t\t\t<\/div>\n\t\t<\/div>\n\t\t\t\t<div class=\"aux-parallax-section elementor-column elementor-col-33 elementor-top-column elementor-element elementor-element-502789ff\" data-id=\"502789ff\" data-element_type=\"column\">\n\t\t\t<div class=\"elementor-widget-wrap elementor-element-populated\">\n\t\t\t\t\t\t<div class=\"elementor-element elementor-element-5dee65d9 elementor-widget elementor-widget-aux_modern_search\" data-id=\"5dee65d9\" data-element_type=\"widget\" data-widget_type=\"aux_modern_search.default\">\n\t\t\t\t<div class=\"elementor-widget-container\">\n\t\t\t\t\t<div class=\"aux-modern-search\">        <div class=\"aux-modern-search-wrapper\" >\n            <button class=\"aux-search-submit aux-search-fullscreen\" data-target=\".aux-search-popup-5dee65d9\" >\n                <i aria-hidden=\"true\" class=\"auxicon-search-4\"><\/i>                <span class=\"aux-submit-text\" >  Buscar<\/span>\n            <\/button>\n        <\/div>\n            <div class=\"aux-search-popup aux-search-popup-5dee65d9\">\n            <div class=\"aux-panel-close\">\n                <div class=\"aux-close aux-cross-symbol aux-thick-medium\"><\/div>\n            <\/div>\n            <div class=\"aux-search-popup-content\">\n                        <div class=\"aux-search-form\">\n    <h5 class=\"aux-search-form-legend\">Buscador<\/h5>            <form action=\"https:\/\/villalasemilla.com\/website\/\" method=\"get\" >\n                <div class=\"aux-search-input-form\">\n                    <input type=\"text\" class=\"aux-search-field\" placeholder=\"Escribe...\" name=\"s\" autocomplete=\"off\" data-post-types=\"[&quot;post&quot;]\" \/>\n                    <input type=\"hidden\" name='post_type' value=\"post\">\n                                                                                            <div class=\"aux-submit-icon-container auxicon-search-4\">\n                                <input type=\"submit\" class=\"aux-iconic-search-submit\" value=\"Search\" >\n                            <\/div>\n                                                            <\/div>\n            <\/form>\n        <\/div>\n                                <\/div>\n        <\/div>\n    <\/div>\t\t\t\t<\/div>\n\t\t\t\t<\/div>\n\t\t\t\t<div class=\"elementor-element elementor-element-692f998b elementor-widget elementor-widget-text-editor\" data-id=\"692f998b\" data-element_type=\"widget\" data-widget_type=\"text-editor.default\">\n\t\t\t\t<div class=\"elementor-widget-container\">\n\t\t\t\t\t\t\t\t\t<p class=\"p1\"><strong>Nuestros cuartos<\/strong><\/p>\t\t\t\t\t\t\t\t<\/div>\n\t\t\t\t<\/div>\n\t\t\t\t<div class=\"elementor-element elementor-element-59708f0d elementor-widget elementor-widget-text-editor\" data-id=\"59708f0d\" data-element_type=\"widget\" data-widget_type=\"text-editor.default\">\n\t\t\t\t<div class=\"elementor-widget-container\">\n\t\t\t\t\t\t\t\t\t<p class=\"p1\"><span style=\"color: #000000;\"><a style=\"color: #000000;\" href=\"https:\/\/villalasemilla.com\/website\/habitaciones\/suites-dobles\/\" target=\"_self\" rel=\"noopener\">Suites Dobles\u200b<\/a><\/span><\/p>\n<p class=\"p1\"><strong><a href=\"https:\/\/villalasemilla.com\/website\/habitaciones\/suites-king\/\"><span style=\"color: #000000;\">Suites King<\/span><\/a><\/strong><\/p>\n<p class=\"p1\"><a href=\"https:\/\/villalasemilla.com\/website\/habitaciones\/master-suite\/\"><span style=\"color: #000000;\">Master Suite<\/span><\/a><\/p>\t\t\t\t\t\t\t\t<\/div>\n\t\t\t\t<\/div>\n\t\t\t\t<div class=\"elementor-element elementor-element-758840a7 elementor-widget elementor-widget-aux_testimonial\" data-id=\"758840a7\" data-element_type=\"widget\" data-widget_type=\"aux_testimonial.default\">\n\t\t\t\t<div class=\"elementor-widget-container\">\n\t\t\t\t\t<section class=\"widget-container aux-widget-testimonial-container aux-parent-au423860a3\">    <div class=\"  aux-widget-testimonial aux-testimonial-quote \">\n                <div class=\"aux-testimonial-content\">\n            <div class=\"entry-content\">\n                                El lugar es precioso y est\u00e1 muy bien cuidado, cuando entras sientes una energ\u00eda maravillosa, la gente que trabaja son personas incre\u00edbles que te hacen sentir como en casa.\"            <\/div>\n        <\/div>\n                <div class=\"aux-testimonial-infobox\">\n                        <div class=\"aux-testimonial-info\">\n                                <h4 class=\"col-title\">Mar\u00eda R.<\/h4>\n                                <h5 class=\"col-subtitle\">Hu\u00e9sped<\/h5>\n                                <div class=\"aux-rating-box aux-star-rating\">\n                    <span class=\"aux-star-rating-avg\" style=\"width: 100%\"> <\/span>\n                <\/div>\n                            <\/div>\n        <\/div>\n            <\/div>\n\n<\/section><!-- widget-container -->\t\t\t\t<\/div>\n\t\t\t\t<\/div>\n\t\t\t\t\t<\/div>\n\t\t<\/div>\n\t\t\t\t\t<\/div>\n\t\t<\/section>\n\t\t\t\t<\/div>\n\t\t","protected":false},"excerpt":{"rendered":"<p>Suites King RESERVAR AHORA Nuestra segunda categor\u00eda de habitaci\u00f3n ofrece un espacio m\u00e1s grande que nuestros Cuartitos y una cama King. El dise\u00f1o contin\u00faa desempe\u00f1ando un papel muy importante ya que esta categor\u00eda de sala incluye peque\u00f1as \u00e1reas de descanso y espacios de vida que son \u00fanicos para cada espacio individual. Este tipo de habitaci\u00f3n [&hellip;]<\/p>\n","protected":false},"author":4,"featured_media":0,"parent":2014,"menu_order":0,"comment_status":"closed","ping_status":"closed","template":"elementor_header_footer","meta":{"footnotes":""},"class_list":["post-2928","page","type-page","status-publish","hentry"],"aioseo_notices":[],"_links":{"self":[{"href":"https:\/\/villalasemilla.com\/website\/wp-json\/wp\/v2\/pages\/2928","targetHints":{"allow":["GET"]}}],"collection":[{"href":"https:\/\/villalasemilla.com\/website\/wp-json\/wp\/v2\/pages"}],"about":[{"href":"https:\/\/villalasemilla.com\/website\/wp-json\/wp\/v2\/types\/page"}],"author":[{"embeddable":true,"href":"https:\/\/villalasemilla.com\/website\/wp-json\/wp\/v2\/users\/4"}],"replies":[{"embeddable":true,"href":"https:\/\/villalasemilla.com\/website\/wp-json\/wp\/v2\/comments?post=2928"}],"version-history":[{"count":23,"href":"https:\/\/villalasemilla.com\/website\/wp-json\/wp\/v2\/pages\/2928\/revisions"}],"predecessor-version":[{"id":3196,"href":"https:\/\/villalasemilla.com\/website\/wp-json\/wp\/v2\/pages\/2928\/revisions\/3196"}],"up":[{"embeddable":true,"href":"https:\/\/villalasemilla.com\/website\/wp-json\/wp\/v2\/pages\/2014"}],"wp:attachment":[{"href":"https:\/\/villalasemilla.com\/website\/wp-json\/wp\/v2\/media?parent=2928"}],"curies":[{"name":"wp","href":"https:\/\/api.w.org\/{rel}","templated":true}]}}