{"id":2924,"date":"2023-11-27T21:33:54","date_gmt":"2023-11-28T03:33:54","guid":{"rendered":"https:\/\/villalasemilla.com\/website\/?page_id=2924"},"modified":"2023-12-01T13:33:30","modified_gmt":"2023-12-01T19:33:30","slug":"master-suite","status":"publish","type":"page","link":"https:\/\/villalasemilla.com\/website\/habitaciones\/master-suite\/","title":{"rendered":"Master Suite"},"content":{"rendered":"\t\t<div data-elementor-type=\"wp-page\" data-elementor-id=\"2924\" class=\"elementor elementor-2924\">\n\t\t\t\t\t\t<section class=\"elementor-section elementor-top-section elementor-element elementor-element-68f92091 elementor-section-boxed elementor-section-height-default elementor-section-height-default\" data-id=\"68f92091\" data-element_type=\"section\">\n\t\t\t\t\t\t<div class=\"elementor-container elementor-column-gap-default\">\n\t\t\t\t\t<div class=\"aux-parallax-section elementor-column elementor-col-66 elementor-top-column elementor-element elementor-element-36071f39\" data-id=\"36071f39\" data-element_type=\"column\">\n\t\t\t<div class=\"elementor-widget-wrap elementor-element-populated\">\n\t\t\t\t\t\t<div class=\"elementor-element elementor-element-1193c202 elementor-widget elementor-widget-image-carousel\" data-id=\"1193c202\" data-element_type=\"widget\" data-settings=\"{&quot;slides_to_show&quot;:&quot;1&quot;,&quot;navigation&quot;:&quot;none&quot;,&quot;autoplay_speed&quot;:3000,&quot;autoplay&quot;:&quot;yes&quot;,&quot;pause_on_hover&quot;:&quot;yes&quot;,&quot;pause_on_interaction&quot;:&quot;yes&quot;,&quot;infinite&quot;:&quot;yes&quot;,&quot;effect&quot;:&quot;slide&quot;,&quot;speed&quot;:500}\" data-widget_type=\"image-carousel.default\">\n\t\t\t\t<div class=\"elementor-widget-container\">\n\t\t\t\t\t\t\t<div class=\"elementor-image-carousel-wrapper swiper\" role=\"region\" aria-roledescription=\"carousel\" aria-label=\"Carrusel de Im\u00e1genes\" dir=\"ltr\">\n\t\t\t<div class=\"elementor-image-carousel swiper-wrapper\" aria-live=\"off\">\n\t\t\t\t\t\t\t\t<div class=\"swiper-slide\" role=\"group\" aria-roledescription=\"slide\" aria-label=\"1 de 1\"><figure class=\"swiper-slide-inner\"><img decoding=\"async\" class=\"swiper-slide-image\" src=\"https:\/\/villalasemilla.com\/website\/wp-content\/uploads\/elementor\/thumbs\/Master-grande-1-qg0almx2u8lo9kmpbqnrnqiel7rdxhmvzgz4g9hd9s.jpg\" alt=\"Master-grande\" \/><\/figure><\/div>\t\t\t<\/div>\n\t\t\t\t\t<\/div>\n\t\t\t\t\t\t<\/div>\n\t\t\t\t<\/div>\n\t\t\t\t<section class=\"elementor-section elementor-inner-section elementor-element elementor-element-f9b21a3 elementor-section-boxed elementor-section-height-default elementor-section-height-default\" data-id=\"f9b21a3\" data-element_type=\"section\">\n\t\t\t\t\t\t<div class=\"elementor-container elementor-column-gap-default\">\n\t\t\t\t\t<div class=\"aux-parallax-section elementor-column elementor-col-50 elementor-inner-column elementor-element elementor-element-2e92250\" data-id=\"2e92250\" data-element_type=\"column\">\n\t\t\t<div class=\"elementor-widget-wrap elementor-element-populated\">\n\t\t\t\t\t\t<div class=\"elementor-element elementor-element-88bdab elementor-widget elementor-widget-heading\" data-id=\"88bdab\" data-element_type=\"widget\" data-widget_type=\"heading.default\">\n\t\t\t\t<div class=\"elementor-widget-container\">\n\t\t\t\t\t<h2 class=\"elementor-heading-title elementor-size-default\">Master Suite<\/h2>\t\t\t\t<\/div>\n\t\t\t\t<\/div>\n\t\t\t\t\t<\/div>\n\t\t<\/div>\n\t\t\t\t<div class=\"aux-parallax-section elementor-column elementor-col-50 elementor-inner-column elementor-element elementor-element-311eb5cc\" data-id=\"311eb5cc\" data-element_type=\"column\">\n\t\t\t<div class=\"elementor-widget-wrap elementor-element-populated\">\n\t\t\t\t\t\t<div class=\"elementor-element elementor-element-388d4405 elementor-align-right elementor-widget elementor-widget-button\" data-id=\"388d4405\" data-element_type=\"widget\" data-widget_type=\"button.default\">\n\t\t\t\t<div class=\"elementor-widget-container\">\n\t\t\t\t\t\t\t\t\t<div class=\"elementor-button-wrapper\">\n\t\t\t\t\t<a class=\"elementor-button elementor-button-link elementor-size-sm\" href=\"https:\/\/villalasemilla.com\/website\/tarifas\/\" target=\"_blank\">\n\t\t\t\t\t\t<span class=\"elementor-button-content-wrapper\">\n\t\t\t\t\t\t\t\t\t<span class=\"elementor-button-text\">RESERVAR AHORA<\/span>\n\t\t\t\t\t<\/span>\n\t\t\t\t\t<\/a>\n\t\t\t\t<\/div>\n\t\t\t\t\t\t\t\t<\/div>\n\t\t\t\t<\/div>\n\t\t\t\t\t<\/div>\n\t\t<\/div>\n\t\t\t\t\t<\/div>\n\t\t<\/section>\n\t\t\t\t<div class=\"elementor-element elementor-element-62eefa74 elementor-widget elementor-widget-text-editor\" data-id=\"62eefa74\" data-element_type=\"widget\" data-widget_type=\"text-editor.default\">\n\t\t\t\t<div class=\"elementor-widget-container\">\n\t\t\t\t\t\t\t\t\t<p class=\"p1\">Amplias y funcionales. Ambas Suites cuentan con dos camas matrimoniales ba\u00f1o propio. Tienen una espectacular terraza con sillas y mesa adem\u00e1s de una c\u00f3moda hamaca para descansar y disfrutar de vistas de la vegetaci\u00f3n, palmeras y el mar. La decoraci\u00f3n es muy original con cuadros, mesas de madera y detalles naturales. Por su dimensi\u00f3n son ideales para compartir con hermanos, primos o amigos.<\/p>\t\t\t\t\t\t\t\t<\/div>\n\t\t\t\t<\/div>\n\t\t\t\t\t<\/div>\n\t\t<\/div>\n\t\t\t\t<div class=\"aux-parallax-section elementor-column elementor-col-33 elementor-top-column elementor-element elementor-element-43afed11\" data-id=\"43afed11\" data-element_type=\"column\">\n\t\t\t<div class=\"elementor-widget-wrap elementor-element-populated\">\n\t\t\t\t\t\t<div class=\"elementor-element elementor-element-de927ee elementor-widget elementor-widget-aux_modern_search\" data-id=\"de927ee\" data-element_type=\"widget\" data-widget_type=\"aux_modern_search.default\">\n\t\t\t\t<div class=\"elementor-widget-container\">\n\t\t\t\t\t<div class=\"aux-modern-search\">        <div class=\"aux-modern-search-wrapper\" >\n            <button class=\"aux-search-submit aux-search-fullscreen\" data-target=\".aux-search-popup-de927ee\" >\n                <i aria-hidden=\"true\" class=\"auxicon-search-4\"><\/i>                <span class=\"aux-submit-text\" >  Buscar<\/span>\n            <\/button>\n        <\/div>\n            <div class=\"aux-search-popup aux-search-popup-de927ee\">\n            <div class=\"aux-panel-close\">\n                <div class=\"aux-close aux-cross-symbol aux-thick-medium\"><\/div>\n            <\/div>\n            <div class=\"aux-search-popup-content\">\n                        <div class=\"aux-search-form\">\n    <h5 class=\"aux-search-form-legend\">Buscador<\/h5>            <form action=\"https:\/\/villalasemilla.com\/website\/\" method=\"get\" >\n                <div class=\"aux-search-input-form\">\n                    <input type=\"text\" class=\"aux-search-field\" placeholder=\"Escribe...\" name=\"s\" autocomplete=\"off\" data-post-types=\"[&quot;post&quot;]\" \/>\n                    <input type=\"hidden\" name='post_type' value=\"post\">\n                                                                                            <div class=\"aux-submit-icon-container auxicon-search-4\">\n                                <input type=\"submit\" class=\"aux-iconic-search-submit\" value=\"Search\" >\n                            <\/div>\n                                                            <\/div>\n            <\/form>\n        <\/div>\n                                <\/div>\n        <\/div>\n    <\/div>\t\t\t\t<\/div>\n\t\t\t\t<\/div>\n\t\t\t\t<div class=\"elementor-element elementor-element-f4e7d87 elementor-widget elementor-widget-text-editor\" data-id=\"f4e7d87\" data-element_type=\"widget\" data-widget_type=\"text-editor.default\">\n\t\t\t\t<div class=\"elementor-widget-container\">\n\t\t\t\t\t\t\t\t\t<p class=\"p1\"><strong>Nuestros cuartos<\/strong><\/p>\t\t\t\t\t\t\t\t<\/div>\n\t\t\t\t<\/div>\n\t\t\t\t<div class=\"elementor-element elementor-element-71202d1e elementor-widget elementor-widget-text-editor\" data-id=\"71202d1e\" data-element_type=\"widget\" data-widget_type=\"text-editor.default\">\n\t\t\t\t<div class=\"elementor-widget-container\">\n\t\t\t\t\t\t\t\t\t<p class=\"p1\"><span style=\"color: #000000;\"><a style=\"color: #000000;\" href=\"https:\/\/villalasemilla.com\/website\/habitaciones\/suites-dobles\/\" target=\"_self\" rel=\"noopener\">Suites Dobles\u200b<\/a><\/span><\/p><p class=\"p1\"><a href=\"https:\/\/villalasemilla.com\/website\/habitaciones\/suites-king\/\"><span style=\"color: #000000;\">Suites King<\/span><\/a><\/p><p class=\"p1\"><strong><a href=\"https:\/\/villalasemilla.com\/website\/habitaciones\/master-suite\/\"><span style=\"color: #000000;\">Master Suite<\/span><\/a><\/strong><\/p>\t\t\t\t\t\t\t\t<\/div>\n\t\t\t\t<\/div>\n\t\t\t\t<div class=\"elementor-element elementor-element-74bdf33 elementor-widget elementor-widget-aux_testimonial\" data-id=\"74bdf33\" data-element_type=\"widget\" data-widget_type=\"aux_testimonial.default\">\n\t\t\t\t<div class=\"elementor-widget-container\">\n\t\t\t\t\t<section class=\"widget-container aux-widget-testimonial-container aux-parent-aue374bd32\">    <div class=\"  aux-widget-testimonial aux-testimonial-quote \">\n                <div class=\"aux-testimonial-content\">\n            <div class=\"entry-content\">\n                                El lugar es precioso y est\u00e1 muy bien cuidado, cuando entras sientes una energ\u00eda maravillosa, la gente que trabaja son personas incre\u00edbles que te hacen sentir como en casa.\"            <\/div>\n        <\/div>\n                <div class=\"aux-testimonial-infobox\">\n                        <div class=\"aux-testimonial-info\">\n                                <h4 class=\"col-title\">Mar\u00eda R.<\/h4>\n                                <h5 class=\"col-subtitle\">Hu\u00e9sped<\/h5>\n                                <div class=\"aux-rating-box aux-star-rating\">\n                    <span class=\"aux-star-rating-avg\" style=\"width: 100%\"> <\/span>\n                <\/div>\n                            <\/div>\n        <\/div>\n            <\/div>\n\n<\/section><!-- widget-container -->\t\t\t\t<\/div>\n\t\t\t\t<\/div>\n\t\t\t\t\t<\/div>\n\t\t<\/div>\n\t\t\t\t\t<\/div>\n\t\t<\/section>\n\t\t\t\t<\/div>\n\t\t","protected":false},"excerpt":{"rendered":"<p>Master Suite RESERVAR AHORA Amplias y funcionales. Ambas Suites cuentan con dos camas matrimoniales ba\u00f1o propio. Tienen una espectacular terraza con sillas y mesa adem\u00e1s de una c\u00f3moda hamaca para descansar y disfrutar de vistas de la vegetaci\u00f3n, palmeras y el mar. La decoraci\u00f3n es muy original con cuadros, mesas de madera y detalles naturales. [&hellip;]<\/p>\n","protected":false},"author":4,"featured_media":0,"parent":2014,"menu_order":0,"comment_status":"closed","ping_status":"closed","template":"elementor_header_footer","meta":{"footnotes":""},"class_list":["post-2924","page","type-page","status-publish","hentry"],"aioseo_notices":[],"_links":{"self":[{"href":"https:\/\/villalasemilla.com\/website\/wp-json\/wp\/v2\/pages\/2924","targetHints":{"allow":["GET"]}}],"collection":[{"href":"https:\/\/villalasemilla.com\/website\/wp-json\/wp\/v2\/pages"}],"about":[{"href":"https:\/\/villalasemilla.com\/website\/wp-json\/wp\/v2\/types\/page"}],"author":[{"embeddable":true,"href":"https:\/\/villalasemilla.com\/website\/wp-json\/wp\/v2\/users\/4"}],"replies":[{"embeddable":true,"href":"https:\/\/villalasemilla.com\/website\/wp-json\/wp\/v2\/comments?post=2924"}],"version-history":[{"count":10,"href":"https:\/\/villalasemilla.com\/website\/wp-json\/wp\/v2\/pages\/2924\/revisions"}],"predecessor-version":[{"id":3195,"href":"https:\/\/villalasemilla.com\/website\/wp-json\/wp\/v2\/pages\/2924\/revisions\/3195"}],"up":[{"embeddable":true,"href":"https:\/\/villalasemilla.com\/website\/wp-json\/wp\/v2\/pages\/2014"}],"wp:attachment":[{"href":"https:\/\/villalasemilla.com\/website\/wp-json\/wp\/v2\/media?parent=2924"}],"curies":[{"name":"wp","href":"https:\/\/api.w.org\/{rel}","templated":true}]}}