{"id":2218,"date":"2023-09-26T02:25:53","date_gmt":"2023-09-26T08:25:53","guid":{"rendered":"https:\/\/hotellasemilla.com\/website\/?page_id=2218"},"modified":"2023-11-28T14:57:52","modified_gmt":"2023-11-28T20:57:52","slug":"terminos-condiciones","status":"publish","type":"page","link":"https:\/\/villalasemilla.com\/website\/terminos-condiciones\/","title":{"rendered":"T\u00c9RMINOS &#038; CONDICIONES"},"content":{"rendered":"\t\t<div data-elementor-type=\"wp-page\" data-elementor-id=\"2218\" class=\"elementor elementor-2218\">\n\t\t\t\t\t\t<section class=\"elementor-section elementor-top-section elementor-element elementor-element-21c9a860 elementor-section-boxed elementor-section-height-default elementor-section-height-default\" data-id=\"21c9a860\" data-element_type=\"section\">\n\t\t\t\t\t\t<div class=\"elementor-container elementor-column-gap-default\">\n\t\t\t\t\t<div class=\"aux-parallax-section elementor-column elementor-col-100 elementor-top-column elementor-element elementor-element-5fcfa77c\" data-id=\"5fcfa77c\" data-element_type=\"column\">\n\t\t\t<div class=\"elementor-widget-wrap elementor-element-populated\">\n\t\t\t\t\t\t<div class=\"elementor-element elementor-element-23a20b75 elementor-widget elementor-widget-text-editor\" data-id=\"23a20b75\" data-element_type=\"widget\" data-widget_type=\"text-editor.default\">\n\t\t\t\t<div class=\"elementor-widget-container\">\n\t\t\t\t\t\t\t\t\t<p class=\"p1\" style=\"text-align: center;\">T\u00c9RMINOS &amp; CONDICIONES<\/p>\n<h2 class=\"p1\" style=\"text-align: center;\"><strong>VILLA LA SEMILLA <\/strong><\/h2>\n<p class=\"p1\" style=\"text-align: center;\"><strong> LEA CUIDADOSAMENTE LOS SIGUIENTES T\u00c9RMINOS ANTES DE UTILIZAR ESTE SITIO<\/strong><\/p>\n<h4 class=\"p1\" style=\"text-align: left;\"><strong><br>ACUERDO DE USO<\/strong><\/h4>\n<p class=\"p1\">Usted acepta que tiene al menos 18 a\u00f1os de edad y que posee la autoridad legal para acceder y utilizar este \u00abSitio\u00bb y el contenido, los datos y la informaci\u00f3n que contiene (colectivamente, \u00abContenido\u00bb) de acuerdo con los t\u00e9rminos y condiciones provistos a continuaci\u00f3n (\u00abT\u00e9rminos de uso\u00bb). Usted acepta ser financieramente responsable por su uso de este Sitio. Usted acepta supervisar todo uso por parte de menores de edad de este Sitio bajo su nombre o cuenta. Tambi\u00e9n acepta que toda la informaci\u00f3n proporcionada por usted o los miembros de su hogar al usar este Sitio es verdadera y precisa. Usted acepta que los servicios de reserva de este Sitio se utilizar\u00e1n \u00fanicamente para realizar reservas o compras leg\u00edtimas para usted o para otra persona en nombre de la cual est\u00e9 legalmente autorizado para actuar. Usted comprende que el uso excesivo o el abuso de los servicios de reserva de este Sitio puede resultar en que se le niegue el acceso a dichos servicios. Para cualquier reserva u otros servicios por los que se puedan cobrar tarifas, usted acepta cumplir con los t\u00e9rminos y condiciones de compra impuestos, incluidos, entre otros, el pago de todos los montos a su vencimiento y el cumplimiento de todas las reglas y restricciones con respecto a la disponibilidad de tarifas. , productos y servicios. Usted ser\u00e1 completamente responsable de todos los cargos, tarifas, aranceles, impuestos y evaluaciones que surjan del uso de este Sitio.<\/p>\n<p class=\"p1\">Si se le ha proporcionado un nombre de usuario y una contrase\u00f1a, dicho nombre de usuario y contrase\u00f1a son solo para su uso personal. No puede revelar su nombre de usuario o contrase\u00f1a a nadie m\u00e1s ni permitir que nadie m\u00e1s use su nombre de usuario y contrase\u00f1a para acceder a este Sitio. Usted es responsable de mantener la confidencialidad y seguridad de su nombre de usuario y contrase\u00f1a, y acepta la responsabilidad de todas las actividades que ocurran bajo su cuenta o contrase\u00f1a. Debe notificar a Villa La Semilla inmediatamente si se ha violado la seguridad de su nombre de usuario o contrase\u00f1a.<\/p>\n<p class=\"p1\">Villa La Semilla se reserva el derecho de cambiar los t\u00e9rminos, condiciones y avisos bajo los cuales se ofrece el Contenido y este Sitio en cualquier momento. Podemos revisar estos T\u00e9rminos de uso en cualquier momento modificando esta p\u00e1gina. Algunas de las disposiciones contenidas en estos T\u00e9rminos de uso tambi\u00e9n pueden ser reemplazadas por disposiciones o avisos publicados en otras partes de este Sitio.<\/p>\n<h4>&nbsp;<\/h4>\n<h4 class=\"p1\"><strong>LICENCIA Y ACCESO AL SITIO<\/strong><\/h4>\n<p class=\"p1\">Villa La Semilla le otorga una licencia limitada, revocable y no exclusiva para acceder y hacer uso personal de este Sitio y el Contenido exclusivamente para consultar o realizar reservas de viajes y servicios relacionados, incluidos los servicios relacionados con la inscripci\u00f3n o administraci\u00f3n de un membres\u00eda del programa de fidelizaci\u00f3n. Usted es responsable de toda actividad que tenga lugar con respecto a esta licencia limitada y su acceso y uso de este Sitio. Solo usted puede acceder a este Sitio. No puede autorizar a ning\u00fan individuo, entidad o servicio de terceros a acceder o utilizar este Sitio en su nombre. No puede descargar (excepto el almacenamiento en cach\u00e9 de la p\u00e1gina) ni modificar este Sitio, ni ninguna parte del mismo, excepto con el consentimiento expreso por escrito de Villa La Semilla. Esta licencia no incluye: (a) ninguna reventa o uso comercial de este Sitio o su contenido; (b) cualquier recopilaci\u00f3n y uso de listados, descripciones o precios de hoteles; (c) cualquier uso derivado de este Sitio o su contenido; o (d) cualquier uso de miner\u00eda de datos, robots o herramientas similares de recopilaci\u00f3n y extracci\u00f3n de datos. Este Sitio o cualquier parte de este Sitio no puede reproducirse, duplicarse, copiarse, venderse, revenderse, visitarse o explotarse de otro modo con fines comerciales sin el consentimiento expreso por escrito de Villa La Semilla. No puede enmarcar ni utilizar t\u00e9cnicas de enmarcado para incluir ninguna marca comercial, logotipo u otra informaci\u00f3n de propiedad (incluidas im\u00e1genes, texto, dise\u00f1o de p\u00e1gina o formulario) de Villa La Semilla y sus afiliados sin el consentimiento expreso por escrito. Usted no puede usar ninguna meta etiqueta o cualquier otro \u00abtexto oculto\u00bb que utilice el nombre o las marcas registradas de Villa La Semilla sin el consentimiento expreso por escrito de Villa La Semilla. Cualquier uso no autorizado da por terminada la licencia otorgada por Villa La Semilla. Se le otorga un derecho limitado, revocable y no exclusivo para crear un h\u00cdper v\u00ednculo a la p\u00e1gina de inicio de Villa La Semilla, siempre que el enlace no represente a Villa La Semilla, sus afiliados o sus productos o servicios de manera falsa, enga\u00f1osa o despectiva. , o cualquier otro asunto ofensivo. Usted no puede usar ning\u00fan logotipo de Villa La Semilla u otro gr\u00e1fico o marca comercial patentada como parte del enlace sin el permiso expreso por escrito. Quedan reservados todos los derechos no concedidos expresamente en el presente.<\/p>\n<p><\/p>\n<h4 class=\"p1\"><strong><br><\/strong><\/h4><h4 class=\"p1\"><strong>CONDUCTA PROHIBIDA<\/strong><\/h4>\n<p class=\"p1\">Usted acepta no: (a) copiar, exhibir, modificar, reproducir o transferir cualquier Contenido a terceros sin el permiso previo por escrito de Villa La Semilla; (b) interferir o interrumpir las redes conectadas a este Sitio; (c) usar o intentar usar cualquier dispositivo, software o rutina que interfiera con el correcto funcionamiento de este Sitio o cualquier transacci\u00f3n que se ofrezca a trav\u00e9s de este Sitio; (d) transmitir archivos, datos u otro Contenido que contenga virus inform\u00e1ticos, datos da\u00f1ados, gusanos, \u00abcaballos de Troya\u00bb u otras instrucciones o dise\u00f1os que borrar\u00edan datos o programaci\u00f3n o har\u00edan que este Sitio o cualquier equipo o sistema dejen de funcionar o sean incapaces de ser utilizado en la forma completa para la que fue dise\u00f1ado; (e) entregar cualquier comunicaci\u00f3n hacia o a trav\u00e9s de este Sitio que viole cualquier ley local, estatal, provincial, federal, internacional o de otro tipo; (f) entregar cualquier comunicaci\u00f3n hacia o a trav\u00e9s de este Sitio que contenga material difamatorio, calumnioso, abusivo u obsceno; o (g) entregar cualquier comunicaci\u00f3n hacia oa trav\u00e9s de este Sitio que infrinja los derechos de cualquier tercero.<\/p>\n<h4>&nbsp;<\/h4>\n<h4 class=\"p1\"><strong>PROPIEDAD INTELECTUAL<\/strong><\/h4>\n<p class=\"p1\">Este Sitio y el Contenido contienen marcas comerciales y material con derechos de autor de Villa La Semilla\u00ae o marcas comerciales y material con derechos de autor que estamos autorizados a usar (\u00abPropiedad intelectual\u00bb).<\/p>\n<p><\/p>\n<h4 class=\"p1\"><strong><br><\/strong><\/h4><h4 class=\"p1\"><strong>ENLACES A SITIOS DE TERCEROS<\/strong><\/h4>\n<p class=\"p1\">Este Sitio puede contener enlaces a sitios que son propiedad u operados por terceros que no sean Villa La Semilla. Dichos enlaces se proporcionan \u00fanicamente para su comodidad. Villa La Semilla no controla ni es responsable del contenido o las pol\u00edticas de privacidad o la seguridad de dichos sitios. Sin limitar lo anterior, y a menos que las leyes de su jurisdicci\u00f3n lo proh\u00edban. Villa La Semilla se exime espec\u00edficamente de cualquier responsabilidad si dichos sitios: (a) infringen los derechos de propiedad intelectual de terceros; (b) son inexactos, incompletos o enga\u00f1osos; (c) no son comercializables ni aptos para un prop\u00f3sito particular; (d) no proporcionan seguridad y privacidad adecuadas; (e) contener virus u otros elementos de naturaleza destructiva; o (f) son calumniosas o difamatorias. Villa La Semilla no respalda el contenido, ni los productos o servicios disponibles en dichos sitios. Si establece un enlace a tales sitios, lo hace bajo su propio riesgo.<\/p>\n<h4>&nbsp;<\/h4>\n<h4 class=\"p1\"><strong>PRIVACIDAD<\/strong><\/h4>\n<p class=\"p1\">Su uso de este Sitio est\u00e1 sujeto a la Pol\u00edtica de Privacidad de Villa La Semilla. Si desea ver las pr\u00e1cticas de privacidad que rigen la forma en que procesamos la informaci\u00f3n proporcionada en este Sitio, consulte nuestra&nbsp;Pol\u00edtica de privacidad.<\/p>\n<h4>&nbsp;<\/h4>\n<h4 class=\"p1\"><strong>LIMITACI\u00d3N DE RESPONSABILIDAD<\/strong><\/h4>\n<p class=\"p1\">Excepto donde lo proh\u00edba la ley, en ning\u00fan caso Villa La Semilla ser\u00e1 responsable de ning\u00fan da\u00f1o especial, indirecto o consecuente o de ning\u00fan tipo, incluida la p\u00e9rdida de ganancias o datos, ya sea en una acci\u00f3n contractual o extracontractual, que surja del uso o el desempe\u00f1o de este Sitio o el Contenido, o el desempe\u00f1o o no desempe\u00f1o por parte de Villa La Semilla o cualquier tercero proveedor de productos o servicios relacionados con este Sitio. Esta limitaci\u00f3n de responsabilidad se aplicar\u00e1 independientemente de si la reclamaci\u00f3n que se hace valer se basa en contrato, negligencia o cualquier otra teor\u00eda de recuperaci\u00f3n, incluso si Villa La Semilla ha sido advertido de la posibilidad de tales da\u00f1os.<\/p>\n<h4>&nbsp;<\/h4>\n<h4 class=\"p1\"><strong>GARANT\u00cdA<\/strong><\/h4>\n<p class=\"p1\">Excepto donde lo proh\u00edba la ley, este Sitio y el Contenido se proporcionan \u00abTAL CUAL\u00bb sin ninguna garant\u00eda, representaci\u00f3n, condici\u00f3n, compromiso o t\u00e9rmino de ning\u00fan tipo, expreso o impl\u00edcito, estatutario o de otro tipo, incluidas, entre otras, las garant\u00edas de comerciabilidad, la no infracci\u00f3n de la propiedad intelectual o la idoneidad para un prop\u00f3sito particular. Villa La Semilla no garantiza la exactitud o integridad de la informaci\u00f3n, texto, gr\u00e1ficos, enlaces u otros elementos de este Sitio o su Contenido. Villa La Semilla puede realizar cambios en el Contenido, o en los programas, pol\u00edticas u otra informaci\u00f3n descrita en el Contenido, en cualquier momento y sin previo aviso. Villa La Semilla no se compromete a actualizar el Contenido.<\/p>\n<p><\/p>\n<h4 class=\"p1\"><strong><br><\/strong><\/h4>\n<h4 class=\"p1\"><strong>FUSI\u00d3N\/RENUNCIA\/SEPARABILIDAD<\/strong><\/h4>\n<p class=\"p1\">Estos T\u00e9rminos de uso constituyen el acuerdo completo de las partes con respecto al objeto del presente y reemplazan todos los acuerdos orales y escritos anteriores. Ninguna falla o demora por parte de Villa La Semilla en el ejercicio de cualquier derecho o recurso en virtud del presente o en hacer cumplir los t\u00e9rminos y condiciones de estos T\u00e9rminos de uso operar\u00e1 como una renuncia a los mismos. Si se determina que alguna parte o disposici\u00f3n de estos T\u00e9rminos de uso es inv\u00e1lida, inaplicable o nula, la parte restante permanecer\u00e1 en pleno vigor y efecto. Los encabezados son solo por conveniencia y no para su uso en la interpretaci\u00f3n de estos T\u00e9rminos de uso.<\/p>\n<p><\/p>\n<h4 class=\"p1\"><strong><br><\/strong><\/h4>\n<h4 class=\"p1\"><strong>AVISOS<\/strong><\/h4>\n<p class=\"p1\">Todos los avisos y otras comunicaciones permitidas o requeridas por las disposiciones de estos T\u00e9rminos de uso se pueden enviar por correo electr\u00f3nico, correo postal o, si lo hace Villa La Semilla, mediante la publicaci\u00f3n de dicho aviso en este Sitio. La notificaci\u00f3n se considera entregada una vez que usted la recibe si se env\u00eda por correo electr\u00f3nico o correo postal, o inmediatamente despu\u00e9s de publicarla en este Sitio.<\/p>\t\t\t\t\t\t\t\t<\/div>\n\t\t\t\t<\/div>\n\t\t\t\t\t<\/div>\n\t\t<\/div>\n\t\t\t\t\t<\/div>\n\t\t<\/section>\n\t\t\t\t<\/div>\n\t\t","protected":false},"excerpt":{"rendered":"<p>T\u00c9RMINOS &amp; CONDICIONES VILLA LA SEMILLA LEA CUIDADOSAMENTE LOS SIGUIENTES T\u00c9RMINOS ANTES DE UTILIZAR ESTE SITIO ACUERDO DE USO Usted acepta que tiene al menos 18 a\u00f1os de edad y que posee la autoridad legal para acceder y utilizar este \u00abSitio\u00bb y el contenido, los datos y la informaci\u00f3n que contiene (colectivamente, \u00abContenido\u00bb) de acuerdo [&hellip;]<\/p>\n","protected":false},"author":4,"featured_media":0,"parent":0,"menu_order":0,"comment_status":"closed","ping_status":"closed","template":"elementor_header_footer","meta":{"footnotes":""},"class_list":["post-2218","page","type-page","status-publish","hentry"],"aioseo_notices":[],"_links":{"self":[{"href":"https:\/\/villalasemilla.com\/website\/wp-json\/wp\/v2\/pages\/2218","targetHints":{"allow":["GET"]}}],"collection":[{"href":"https:\/\/villalasemilla.com\/website\/wp-json\/wp\/v2\/pages"}],"about":[{"href":"https:\/\/villalasemilla.com\/website\/wp-json\/wp\/v2\/types\/page"}],"author":[{"embeddable":true,"href":"https:\/\/villalasemilla.com\/website\/wp-json\/wp\/v2\/users\/4"}],"replies":[{"embeddable":true,"href":"https:\/\/villalasemilla.com\/website\/wp-json\/wp\/v2\/comments?post=2218"}],"version-history":[{"count":17,"href":"https:\/\/villalasemilla.com\/website\/wp-json\/wp\/v2\/pages\/2218\/revisions"}],"predecessor-version":[{"id":3106,"href":"https:\/\/villalasemilla.com\/website\/wp-json\/wp\/v2\/pages\/2218\/revisions\/3106"}],"wp:attachment":[{"href":"https:\/\/villalasemilla.com\/website\/wp-json\/wp\/v2\/media?parent=2218"}],"curies":[{"name":"wp","href":"https:\/\/api.w.org\/{rel}","templated":true}]}}