{"id":2051,"date":"2023-09-20T23:58:49","date_gmt":"2023-09-21T05:58:49","guid":{"rendered":"https:\/\/hotellasemilla.com\/website\/?page_id=2051"},"modified":"2023-12-01T13:32:52","modified_gmt":"2023-12-01T19:32:52","slug":"suites-dobles","status":"publish","type":"page","link":"https:\/\/villalasemilla.com\/website\/habitaciones\/suites-dobles\/","title":{"rendered":"Suites Dobles"},"content":{"rendered":"\t\t<div data-elementor-type=\"wp-page\" data-elementor-id=\"2051\" class=\"elementor elementor-2051\">\n\t\t\t\t\t\t<section class=\"elementor-section elementor-top-section elementor-element elementor-element-e1a7fe9 elementor-section-boxed elementor-section-height-default elementor-section-height-default\" data-id=\"e1a7fe9\" data-element_type=\"section\">\n\t\t\t\t\t\t<div class=\"elementor-container elementor-column-gap-default\">\n\t\t\t\t\t<div class=\"aux-parallax-section elementor-column elementor-col-66 elementor-top-column elementor-element elementor-element-a73fd7b\" data-id=\"a73fd7b\" data-element_type=\"column\">\n\t\t\t<div class=\"elementor-widget-wrap elementor-element-populated\">\n\t\t\t\t\t\t<div class=\"elementor-element elementor-element-20086f3 elementor-widget elementor-widget-image-carousel\" data-id=\"20086f3\" data-element_type=\"widget\" data-settings=\"{&quot;slides_to_show&quot;:&quot;1&quot;,&quot;navigation&quot;:&quot;none&quot;,&quot;autoplay_speed&quot;:3000,&quot;autoplay&quot;:&quot;yes&quot;,&quot;pause_on_hover&quot;:&quot;yes&quot;,&quot;pause_on_interaction&quot;:&quot;yes&quot;,&quot;infinite&quot;:&quot;yes&quot;,&quot;effect&quot;:&quot;slide&quot;,&quot;speed&quot;:500}\" data-widget_type=\"image-carousel.default\">\n\t\t\t\t<div class=\"elementor-widget-container\">\n\t\t\t\t\t\t\t<div class=\"elementor-image-carousel-wrapper swiper\" role=\"region\" aria-roledescription=\"carousel\" aria-label=\"Carrusel de Im\u00e1genes\" dir=\"ltr\">\n\t\t\t<div class=\"elementor-image-carousel swiper-wrapper\" aria-live=\"off\">\n\t\t\t\t\t\t\t\t<div class=\"swiper-slide\" role=\"group\" aria-roledescription=\"slide\" aria-label=\"1 de 1\"><figure class=\"swiper-slide-inner\"><img decoding=\"async\" class=\"swiper-slide-image\" src=\"https:\/\/villalasemilla.com\/website\/wp-content\/uploads\/elementor\/thumbs\/doble-grande-qg08qhc6kco6si6dgpnbiokuq6rbzz19f32a4l1xtc.jpg\" alt=\"doble-grande\" \/><\/figure><\/div>\t\t\t<\/div>\n\t\t\t\t\t<\/div>\n\t\t\t\t\t\t<\/div>\n\t\t\t\t<\/div>\n\t\t\t\t<section class=\"elementor-section elementor-inner-section elementor-element elementor-element-6a3c663 elementor-section-boxed elementor-section-height-default elementor-section-height-default\" data-id=\"6a3c663\" data-element_type=\"section\">\n\t\t\t\t\t\t<div class=\"elementor-container elementor-column-gap-default\">\n\t\t\t\t\t<div class=\"aux-parallax-section elementor-column elementor-col-50 elementor-inner-column elementor-element elementor-element-fa9155f\" data-id=\"fa9155f\" data-element_type=\"column\">\n\t\t\t<div class=\"elementor-widget-wrap elementor-element-populated\">\n\t\t\t\t\t\t<div class=\"elementor-element elementor-element-2c6422c elementor-widget elementor-widget-heading\" data-id=\"2c6422c\" data-element_type=\"widget\" data-widget_type=\"heading.default\">\n\t\t\t\t<div class=\"elementor-widget-container\">\n\t\t\t\t\t<h2 class=\"elementor-heading-title elementor-size-default\">Suites Dobles<\/h2>\t\t\t\t<\/div>\n\t\t\t\t<\/div>\n\t\t\t\t\t<\/div>\n\t\t<\/div>\n\t\t\t\t<div class=\"aux-parallax-section elementor-column elementor-col-50 elementor-inner-column elementor-element elementor-element-2f68f4c\" data-id=\"2f68f4c\" data-element_type=\"column\">\n\t\t\t<div class=\"elementor-widget-wrap elementor-element-populated\">\n\t\t\t\t\t\t<div class=\"elementor-element elementor-element-83e4f34 elementor-align-right elementor-widget elementor-widget-button\" data-id=\"83e4f34\" data-element_type=\"widget\" data-widget_type=\"button.default\">\n\t\t\t\t<div class=\"elementor-widget-container\">\n\t\t\t\t\t\t\t\t\t<div class=\"elementor-button-wrapper\">\n\t\t\t\t\t<a class=\"elementor-button elementor-button-link elementor-size-sm\" href=\"https:\/\/villalasemilla.com\/website\/tarifas\/\" target=\"_blank\">\n\t\t\t\t\t\t<span class=\"elementor-button-content-wrapper\">\n\t\t\t\t\t\t\t\t\t<span class=\"elementor-button-text\">RESERVAR AHORA<\/span>\n\t\t\t\t\t<\/span>\n\t\t\t\t\t<\/a>\n\t\t\t\t<\/div>\n\t\t\t\t\t\t\t\t<\/div>\n\t\t\t\t<\/div>\n\t\t\t\t\t<\/div>\n\t\t<\/div>\n\t\t\t\t\t<\/div>\n\t\t<\/section>\n\t\t\t\t<div class=\"elementor-element elementor-element-c578595 elementor-widget elementor-widget-text-editor\" data-id=\"c578595\" data-element_type=\"widget\" data-widget_type=\"text-editor.default\">\n\t\t\t\t<div class=\"elementor-widget-container\">\n\t\t\t\t\t\t\t\t\t<p class=\"p1\">Amplias y funcionales. Ambas Suites cuentan con dos camas matrimoniales ba\u00f1o propio. Tienen una espectacular terraza con sillas y mesa adem\u00e1s de una c\u00f3moda hamaca para descansar y disfrutar de vistas de la vegetaci\u00f3n, palmeras y el mar. La decoraci\u00f3n es muy original con cuadros, mesas de madera y detalles naturales. Por su dimensi\u00f3n son ideales para compartir con hermanos, primos o amigos.<\/p>\t\t\t\t\t\t\t\t<\/div>\n\t\t\t\t<\/div>\n\t\t\t\t\t<\/div>\n\t\t<\/div>\n\t\t\t\t<div class=\"aux-parallax-section elementor-column elementor-col-33 elementor-top-column elementor-element elementor-element-2b02399\" data-id=\"2b02399\" data-element_type=\"column\">\n\t\t\t<div class=\"elementor-widget-wrap elementor-element-populated\">\n\t\t\t\t\t\t<div class=\"elementor-element elementor-element-8c46911 elementor-widget elementor-widget-aux_modern_search\" data-id=\"8c46911\" data-element_type=\"widget\" data-widget_type=\"aux_modern_search.default\">\n\t\t\t\t<div class=\"elementor-widget-container\">\n\t\t\t\t\t<div class=\"aux-modern-search\">        <div class=\"aux-modern-search-wrapper\" >\n            <button class=\"aux-search-submit aux-search-fullscreen\" data-target=\".aux-search-popup-8c46911\" >\n                <i aria-hidden=\"true\" class=\"auxicon-search-4\"><\/i>                <span class=\"aux-submit-text\" >  Buscar<\/span>\n            <\/button>\n        <\/div>\n            <div class=\"aux-search-popup aux-search-popup-8c46911\">\n            <div class=\"aux-panel-close\">\n                <div class=\"aux-close aux-cross-symbol aux-thick-medium\"><\/div>\n            <\/div>\n            <div class=\"aux-search-popup-content\">\n                        <div class=\"aux-search-form\">\n    <h5 class=\"aux-search-form-legend\">Buscador<\/h5>            <form action=\"https:\/\/villalasemilla.com\/website\/\" method=\"get\" >\n                <div class=\"aux-search-input-form\">\n                    <input type=\"text\" class=\"aux-search-field\" placeholder=\"Escribe...\" name=\"s\" autocomplete=\"off\" data-post-types=\"[&quot;post&quot;]\" \/>\n                    <input type=\"hidden\" name='post_type' value=\"post\">\n                                                                                            <div class=\"aux-submit-icon-container auxicon-search-4\">\n                                <input type=\"submit\" class=\"aux-iconic-search-submit\" value=\"Search\" >\n                            <\/div>\n                                                            <\/div>\n            <\/form>\n        <\/div>\n                                <\/div>\n        <\/div>\n    <\/div>\t\t\t\t<\/div>\n\t\t\t\t<\/div>\n\t\t\t\t<div class=\"elementor-element elementor-element-25c8118 elementor-widget elementor-widget-text-editor\" data-id=\"25c8118\" data-element_type=\"widget\" data-widget_type=\"text-editor.default\">\n\t\t\t\t<div class=\"elementor-widget-container\">\n\t\t\t\t\t\t\t\t\t<p class=\"p1\"><strong>Nuestros cuartos<\/strong><\/p>\t\t\t\t\t\t\t\t<\/div>\n\t\t\t\t<\/div>\n\t\t\t\t<div class=\"elementor-element elementor-element-7184285 elementor-widget elementor-widget-text-editor\" data-id=\"7184285\" data-element_type=\"widget\" data-widget_type=\"text-editor.default\">\n\t\t\t\t<div class=\"elementor-widget-container\">\n\t\t\t\t\t\t\t\t\t<p class=\"p1\"><strong><span style=\"color: #000000;\"><a style=\"color: #000000;\" href=\"https:\/\/villalasemilla.com\/website\/habitaciones\/suites-dobles\/\" target=\"_self\" rel=\"noopener\">Suites Dobles\u200b<\/a><\/span><\/strong><\/p>\n\n<p class=\"p1\"><a href=\"https:\/\/villalasemilla.com\/website\/habitaciones\/suites-king\/\"><span style=\"color: #000000;\">Suites King<\/span><\/a><\/p>\n\n<p class=\"p1\"><a href=\"https:\/\/villalasemilla.com\/website\/habitaciones\/master-suite\/\"><span style=\"color: #000000;\">Master Suite<\/span><\/a><\/p>\n\t\t\t\t\t\t\t\t<\/div>\n\t\t\t\t<\/div>\n\t\t\t\t<div class=\"elementor-element elementor-element-e5093d0 elementor-widget elementor-widget-aux_testimonial\" data-id=\"e5093d0\" data-element_type=\"widget\" data-widget_type=\"aux_testimonial.default\">\n\t\t\t\t<div class=\"elementor-widget-container\">\n\t\t\t\t\t<section class=\"widget-container aux-widget-testimonial-container aux-parent-au5add0d39\">    <div class=\"  aux-widget-testimonial aux-testimonial-quote \">\n                <div class=\"aux-testimonial-content\">\n            <div class=\"entry-content\">\n                                El lugar es precioso y est\u00e1 muy bien cuidado, cuando entras sientes una energ\u00eda maravillosa, la gente que trabaja son personas incre\u00edbles que te hacen sentir como en casa.\"            <\/div>\n        <\/div>\n                <div class=\"aux-testimonial-infobox\">\n                        <div class=\"aux-testimonial-info\">\n                                <h4 class=\"col-title\">Mar\u00eda R.<\/h4>\n                                <h5 class=\"col-subtitle\">Hu\u00e9sped<\/h5>\n                                <div class=\"aux-rating-box aux-star-rating\">\n                    <span class=\"aux-star-rating-avg\" style=\"width: 100%\"> <\/span>\n                <\/div>\n                            <\/div>\n        <\/div>\n            <\/div>\n\n<\/section><!-- widget-container -->\t\t\t\t<\/div>\n\t\t\t\t<\/div>\n\t\t\t\t\t<\/div>\n\t\t<\/div>\n\t\t\t\t\t<\/div>\n\t\t<\/section>\n\t\t\t\t<\/div>\n\t\t","protected":false},"excerpt":{"rendered":"<p>Suites Dobles RESERVAR AHORA Amplias y funcionales. Ambas Suites cuentan con dos camas matrimoniales ba\u00f1o propio. Tienen una espectacular terraza con sillas y mesa adem\u00e1s de una c\u00f3moda hamaca para descansar y disfrutar de vistas de la vegetaci\u00f3n, palmeras y el mar. La decoraci\u00f3n es muy original con cuadros, mesas de madera y detalles naturales. [&hellip;]<\/p>\n","protected":false},"author":4,"featured_media":0,"parent":2014,"menu_order":0,"comment_status":"closed","ping_status":"closed","template":"elementor_header_footer","meta":{"footnotes":""},"class_list":["post-2051","page","type-page","status-publish","hentry"],"aioseo_notices":[],"_links":{"self":[{"href":"https:\/\/villalasemilla.com\/website\/wp-json\/wp\/v2\/pages\/2051","targetHints":{"allow":["GET"]}}],"collection":[{"href":"https:\/\/villalasemilla.com\/website\/wp-json\/wp\/v2\/pages"}],"about":[{"href":"https:\/\/villalasemilla.com\/website\/wp-json\/wp\/v2\/types\/page"}],"author":[{"embeddable":true,"href":"https:\/\/villalasemilla.com\/website\/wp-json\/wp\/v2\/users\/4"}],"replies":[{"embeddable":true,"href":"https:\/\/villalasemilla.com\/website\/wp-json\/wp\/v2\/comments?post=2051"}],"version-history":[{"count":72,"href":"https:\/\/villalasemilla.com\/website\/wp-json\/wp\/v2\/pages\/2051\/revisions"}],"predecessor-version":[{"id":3189,"href":"https:\/\/villalasemilla.com\/website\/wp-json\/wp\/v2\/pages\/2051\/revisions\/3189"}],"up":[{"embeddable":true,"href":"https:\/\/villalasemilla.com\/website\/wp-json\/wp\/v2\/pages\/2014"}],"wp:attachment":[{"href":"https:\/\/villalasemilla.com\/website\/wp-json\/wp\/v2\/media?parent=2051"}],"curies":[{"name":"wp","href":"https:\/\/api.w.org\/{rel}","templated":true}]}}