{"id":1837,"date":"2023-09-15T22:37:42","date_gmt":"2023-09-16T04:37:42","guid":{"rendered":"https:\/\/hotellasemilla.com\/website\/?page_id=1837"},"modified":"2023-11-27T19:06:01","modified_gmt":"2023-11-28T01:06:01","slug":"soliman-bay","status":"publish","type":"page","link":"https:\/\/villalasemilla.com\/website\/soliman-bay\/","title":{"rendered":"Soliman Bay"},"content":{"rendered":"\t\t<div data-elementor-type=\"wp-page\" data-elementor-id=\"1837\" class=\"elementor elementor-1837\">\n\t\t\t\t\t\t<section class=\"elementor-section elementor-top-section elementor-element elementor-element-d7d29ff elementor-section-full_width elementor-section-content-top elementor-section-height-default elementor-section-height-default\" data-id=\"d7d29ff\" data-element_type=\"section\">\n\t\t\t\t\t\t<div class=\"elementor-container elementor-column-gap-wider\">\n\t\t\t\t\t<div class=\"aux-parallax-section elementor-column elementor-col-50 elementor-top-column elementor-element elementor-element-91e8c0e\" data-id=\"91e8c0e\" data-element_type=\"column\">\n\t\t\t<div class=\"elementor-widget-wrap elementor-element-populated\">\n\t\t\t\t\t\t<div class=\"elementor-element elementor-element-47deb9e3 elementor-widget elementor-widget-text-editor\" data-id=\"47deb9e3\" data-element_type=\"widget\" data-widget_type=\"text-editor.default\">\n\t\t\t\t<div class=\"elementor-widget-container\">\n\t\t\t\t\t\t\t\t\t<p class=\"p1\">Soliman Bay<\/p>\t\t\t\t\t\t\t\t<\/div>\n\t\t\t\t<\/div>\n\t\t\t\t<div class=\"elementor-element elementor-element-3527b89b elementor-widget elementor-widget-heading\" data-id=\"3527b89b\" data-element_type=\"widget\" data-widget_type=\"heading.default\">\n\t\t\t\t<div class=\"elementor-widget-container\">\n\t\t\t\t\t<h2 class=\"elementor-heading-title elementor-size-default\">La joya m\u00e1gica escondida<\/h2>\t\t\t\t<\/div>\n\t\t\t\t<\/div>\n\t\t\t\t<section class=\"elementor-section elementor-inner-section elementor-element elementor-element-aecbe85 elementor-section-full_width elementor-section-height-min-height elementor-section-height-default\" data-id=\"aecbe85\" data-element_type=\"section\" data-settings=\"{&quot;background_background&quot;:&quot;classic&quot;}\">\n\t\t\t\t\t\t<div class=\"elementor-container elementor-column-gap-default\">\n\t\t\t\t\t<div class=\"aux-parallax-section elementor-column elementor-col-100 elementor-inner-column elementor-element elementor-element-4f27d0b\" data-id=\"4f27d0b\" data-element_type=\"column\">\n\t\t\t<div class=\"elementor-widget-wrap\">\n\t\t\t\t\t\t\t<\/div>\n\t\t<\/div>\n\t\t\t\t\t<\/div>\n\t\t<\/section>\n\t\t\t\t\t<\/div>\n\t\t<\/div>\n\t\t\t\t<div class=\"aux-parallax-section elementor-column elementor-col-50 elementor-top-column elementor-element elementor-element-01204dc\" data-id=\"01204dc\" data-element_type=\"column\">\n\t\t\t<div class=\"elementor-widget-wrap elementor-element-populated\">\n\t\t\t\t\t\t<div class=\"elementor-element elementor-element-132c8c83 elementor-widget elementor-widget-text-editor\" data-id=\"132c8c83\" data-element_type=\"widget\" data-widget_type=\"text-editor.default\">\n\t\t\t\t<div class=\"elementor-widget-container\">\n\t\t\t\t\t\t\t\t\t<p class=\"p1\">Soliman Bay sigue siendo un refugio tranquilo donde se puede admirar el paisaje casi virgen en un entorno que ha sido conscientemente protegido del deterioro del desarrollo. En esta franja de playa escondida, encontrar\u00e1s Villa La Semilla escondida entre la bah\u00eda y la jungla de manglares.<\/p><p class=\"p1\">Este lugar m\u00e1gico ofrece playas v\u00edrgenes \u201cfuera del radar\u201d cerca del pueblo de Tulum (a 15 minutos en auto) del pueblo y a 1,5 horas del aeropuerto de Canc\u00fan. La joya escondida de la Riviera Maya.<\/p>\t\t\t\t\t\t\t\t<\/div>\n\t\t\t\t<\/div>\n\t\t\t\t<section class=\"elementor-section elementor-inner-section elementor-element elementor-element-05a668e elementor-section-boxed elementor-section-height-default elementor-section-height-default\" data-id=\"05a668e\" data-element_type=\"section\">\n\t\t\t\t\t\t<div class=\"elementor-container elementor-column-gap-default\">\n\t\t\t\t\t<div class=\"aux-parallax-section elementor-column elementor-col-50 elementor-inner-column elementor-element elementor-element-3ea046e\" data-id=\"3ea046e\" data-element_type=\"column\">\n\t\t\t<div class=\"elementor-widget-wrap elementor-element-populated\">\n\t\t\t\t\t\t<div class=\"elementor-element elementor-element-6b6fe8b elementor-widget elementor-widget-image\" data-id=\"6b6fe8b\" data-element_type=\"widget\" data-widget_type=\"image.default\">\n\t\t\t\t<div class=\"elementor-widget-container\">\n\t\t\t\t\t\t\t\t\t\t\t\t\t\t\t<img fetchpriority=\"high\" decoding=\"async\" width=\"1000\" height=\"1024\" src=\"https:\/\/villalasemilla.com\/website\/wp-content\/uploads\/2023\/11\/Soliman-Bay-2-1000x1024.jpg\" class=\"attachment-large size-large wp-image-2832\" alt=\"\" \/>\t\t\t\t\t\t\t\t\t\t\t\t\t\t\t<\/div>\n\t\t\t\t<\/div>\n\t\t\t\t\t<\/div>\n\t\t<\/div>\n\t\t\t\t<div class=\"aux-parallax-section elementor-column elementor-col-50 elementor-inner-column elementor-element elementor-element-69c3253\" data-id=\"69c3253\" data-element_type=\"column\">\n\t\t\t<div class=\"elementor-widget-wrap elementor-element-populated\">\n\t\t\t\t\t\t<div class=\"elementor-element elementor-element-e68dde0 elementor-widget elementor-widget-image\" data-id=\"e68dde0\" data-element_type=\"widget\" data-widget_type=\"image.default\">\n\t\t\t\t<div class=\"elementor-widget-container\">\n\t\t\t\t\t\t\t\t\t\t\t\t\t\t\t<img decoding=\"async\" width=\"1000\" height=\"1024\" src=\"https:\/\/villalasemilla.com\/website\/wp-content\/uploads\/2023\/11\/Soliman-Bay-3-1000x1024.jpg\" class=\"attachment-large size-large wp-image-2833\" alt=\"\" \/>\t\t\t\t\t\t\t\t\t\t\t\t\t\t\t<\/div>\n\t\t\t\t<\/div>\n\t\t\t\t\t<\/div>\n\t\t<\/div>\n\t\t\t\t\t<\/div>\n\t\t<\/section>\n\t\t\t\t\t<\/div>\n\t\t<\/div>\n\t\t\t\t\t<\/div>\n\t\t<\/section>\n\t\t\t\t<\/div>\n\t\t","protected":false},"excerpt":{"rendered":"<p>Soliman Bay La joya m\u00e1gica escondida Soliman Bay sigue siendo un refugio tranquilo donde se puede admirar el paisaje casi virgen en un entorno que ha sido conscientemente protegido del deterioro del desarrollo. En esta franja de playa escondida, encontrar\u00e1s Villa La Semilla escondida entre la bah\u00eda y la jungla de manglares. Este lugar m\u00e1gico [&hellip;]<\/p>\n","protected":false},"author":4,"featured_media":0,"parent":0,"menu_order":0,"comment_status":"closed","ping_status":"closed","template":"elementor_header_footer","meta":{"footnotes":""},"class_list":["post-1837","page","type-page","status-publish","hentry"],"aioseo_notices":[],"_links":{"self":[{"href":"https:\/\/villalasemilla.com\/website\/wp-json\/wp\/v2\/pages\/1837","targetHints":{"allow":["GET"]}}],"collection":[{"href":"https:\/\/villalasemilla.com\/website\/wp-json\/wp\/v2\/pages"}],"about":[{"href":"https:\/\/villalasemilla.com\/website\/wp-json\/wp\/v2\/types\/page"}],"author":[{"embeddable":true,"href":"https:\/\/villalasemilla.com\/website\/wp-json\/wp\/v2\/users\/4"}],"replies":[{"embeddable":true,"href":"https:\/\/villalasemilla.com\/website\/wp-json\/wp\/v2\/comments?post=1837"}],"version-history":[{"count":81,"href":"https:\/\/villalasemilla.com\/website\/wp-json\/wp\/v2\/pages\/1837\/revisions"}],"predecessor-version":[{"id":2855,"href":"https:\/\/villalasemilla.com\/website\/wp-json\/wp\/v2\/pages\/1837\/revisions\/2855"}],"wp:attachment":[{"href":"https:\/\/villalasemilla.com\/website\/wp-json\/wp\/v2\/media?parent=1837"}],"curies":[{"name":"wp","href":"https:\/\/api.w.org\/{rel}","templated":true}]}}